{"id":100,"date":"2023-02-22T07:09:00","date_gmt":"2023-02-22T07:09:00","guid":{"rendered":"https:\/\/faai.ath.edu.pl\/?page_id=100"},"modified":"2024-10-24T18:27:51","modified_gmt":"2024-10-24T18:27:51","slug":"%d0%b7%d0%b0-%d0%bd%d0%b0%d1%81","status":"publish","type":"page","link":"https:\/\/faai.ath.edu.pl\/?page_id=100&lang=bg","title":{"rendered":"\u0417\u0430 \u043d\u0430\u0441"},"content":{"rendered":"<p style=\"text-align: center;\">Witamy w <strong>FAAI Smart JobHub<\/strong><\/p>\r\n<p style=\"text-align: center;\">w ramach projektu Erasmus+: <strong>FAAI JOB HUB Przysz\u0142o\u015b\u0107 jest w zastosowanej sztucznej inteligencji<\/strong><\/p>\r\n<p style=\"text-align: center;\">Numer projektu: <strong>2022-1-PL01-KA220-HED-000088359<\/strong><\/p>\r\n<p style=\"text-align: center;\">Projekt zrzesza pi\u0119\u0107 uniwersytet\u00f3w:<\/p>\r\n<p><img loading=\"lazy\" decoding=\"async\" class=\"size-full wp-image-712 aligncenter\" src=\"https:\/\/faai.ath.edu.pl\/wp-content\/uploads\/2024\/10\/loga.png\" alt=\"\" width=\"826\" height=\"175\" srcset=\"https:\/\/faai.ath.edu.pl\/wp-content\/uploads\/2024\/10\/loga.png 826w, https:\/\/faai.ath.edu.pl\/wp-content\/uploads\/2024\/10\/loga-300x64.png 300w, https:\/\/faai.ath.edu.pl\/wp-content\/uploads\/2024\/10\/loga-768x163.png 768w, https:\/\/faai.ath.edu.pl\/wp-content\/uploads\/2024\/10\/loga-604x128.png 604w\" sizes=\"auto, (max-width: 826px) 100vw, 826px\" \/><\/p>\r\n<p><!-- \/wp:post-content -->\r\n\r\n<!-- wp::paragraph --><\/p>\r\n<p style=\"text-align: center;\"><a href=\"http:\/\/www.ath.bielsko.pl\/\">UNIVERSITY OF BIELSKO-BIALA &#8211; POLAND<\/a><\/p>\r\n<p style=\"text-align: center;\"><a href=\"https:\/\/www.unibit.bg\/\">UNIVERSITY OF LIBRARY STUDIES AND INFORMATION TECHNOLOGIES &#8211; BULGARIA<\/a><\/p>\r\n<p style=\"text-align: center;\"><a href=\"https:\/\/www.ni.ac.rs\/\">UNIVERSITY OF NIS\u00a0&#8211; SERBIA<\/a><\/p>\r\n<p style=\"text-align: center;\"><a href=\"https:\/\/www.ucg.ac.me\/\">UNIVERSITY OF MONTENEGRO<\/a><\/p>\r\n<p><!-- \/wp:paragraph -->\r\n\r\n<!-- wp:paragraph --><\/p>\r\n<p style=\"text-align: center;\"><a href=\"https:\/\/www.ucm.sk\/en\/\">UNIVERSITY OF SS. CYRIL AND METHODIUS IN TRNAVA &#8211; SLOVAKIA<\/a><\/p>\r\n<p>\u041f\u0440\u043e\u0435\u043a\u0442\u044a\u0442 &#8220;\u0411\u044a\u0434\u0435\u0449\u0435\u0442\u043e \u0435 \u0432 \u043f\u0440\u0438\u043b\u043e\u0436\u0435\u043d\u0430\u0442\u0430 \u0438\u0437\u043a\u0443\u0441\u0442\u0432\u0435\u043d\u0430 \u0438\u043d\u0442\u0435\u043b\u0438\u0433\u0435\u043d\u0442\u043d\u043e\u0441\u0442&#8221; (FAAI) \u0438\u043c\u0430 \u0437\u0430 \u0446\u0435\u043b \u0434\u0430 \u043e\u0431\u0435\u0434\u0438\u043d\u0438 \u0432\u0438\u0441\u0448\u0438\u0442\u0435 \u0443\u0447\u0435\u0431\u043d\u0438 \u0437\u0430\u0432\u0435\u0434\u0435\u043d\u0438\u044f (HEI) \u0438 \u0431\u0438\u0437\u043d\u0435\u0441\u0430, \u0437\u0430 \u0434\u0430 \u0430\u0434\u0440\u0435\u0441\u0438\u0440\u0430 \u043a\u043e\u043c\u043f\u0435\u0442\u0435\u043d\u0446\u0438\u0438\u0442\u0435 \u0438 \u0441\u044a\u0432\u043c\u0435\u0441\u0442\u0438\u043c\u0438\u0442\u0435 \u043f\u0440\u043e\u0444\u0438\u043b\u0438 \u043d\u0430 \u0440\u0430\u0431\u043e\u0442\u043d\u0438\u0442\u0435 \u043c\u0435\u0441\u0442\u0430. \u0422\u043e\u0432\u0430 \u0441\u044a\u0442\u0440\u0443\u0434\u043d\u0438\u0447\u0435\u0441\u0442\u0432\u043e \u0449\u0435 \u043f\u0440\u0435\u0434\u043e\u0441\u0442\u0430\u0432\u0438 \u0438\u043d\u043e\u0432\u0430\u0442\u0438\u0432\u043d\u0438 \u0440\u0435\u0448\u0435\u043d\u0438\u044f \u0437\u0430 \u043e\u0431\u0443\u0447\u0435\u043d\u0438\u0435\u0442\u043e \u043d\u0430 \u0435\u043a\u0441\u043f\u0435\u0440\u0442\u0438 \u0432 \u043e\u0431\u043b\u0430\u0441\u0442\u0442\u0430 \u043d\u0430 \u043c\u0430\u0448\u0438\u043d\u043d\u043e\u0442\u043e \u043e\u0431\u0443\u0447\u0435\u043d\u0438\u0435 \u0438 \u0438\u0437\u043a\u0443\u0441\u0442\u0432\u0435\u043d\u0438\u044f \u0438\u043d\u0442\u0435\u043b\u0435\u043a\u0442. \u0423\u0447\u0435\u0431\u043d\u0430\u0442\u0430 \u0440\u0430\u043c\u043a\u0430 \u0441\u0435 \u043e\u0441\u043d\u043e\u0432\u0430\u0432\u0430 \u043d\u0430 &#8220;IEEE FEDERATED MACHINE LEARNING WHITE PAPER&#8221;. \u0422\u044f \u0449\u0435 \u0431\u044a\u0434\u0435 \u043d\u0430\u0431\u043b\u044e\u0434\u0430\u0432\u0430\u043d\u0430 \u0438 &#8220;THE IEEE GLOBAL INITIATIVE ON ETHICS OF AUTONOMOUS AND INTELLIGENT SYSTEMS&#8221;. \u0412 \u0442\u043e\u0437\u0438 \u043a\u043e\u043d\u0442\u0435\u043a\u0441\u0442 \u043f\u0440\u043e\u0435\u043a\u0442\u044a\u0442 \u0438\u043c\u0430 \u0437\u0430 \u0446\u0435\u043b:<\/p>\r\n<div id=\"CIBLiveRegion\" aria-live=\"polite\" aria-atomic=\"true\" aria-relevant=\"additions text\"><br \/>a) \u0434\u0430 \u043f\u0440\u0435\u043e\u0434\u043e\u043b\u0435\u0435 \u043d\u0430\u0441\u0442\u043e\u044f\u0449\u0430\u0442\u0430 \u0434\u0438\u0433\u0438\u0442\u0430\u043b\u043d\u0430 \u043f\u0440\u043e\u043f\u0430\u0441\u0442 \u0432 \u0443\u043c\u0435\u043d\u0438\u044f\u0442\u0430 \u0432 \u043d\u044f\u043a\u043e\u0438 \u0435\u0432\u0440\u043e\u043f\u0435\u0439\u0441\u043a\u0438 \u0441\u0442\u0440\u0430\u043d\u0438, \u0441\u043b\u0435\u0434\u0432\u0430\u0439\u043a\u0438 \u043a\u0430\u043c\u043f\u0430\u043d\u0438\u044f\u0442\u0430 \u043d\u0430 \u0415\u0432\u0440\u043e\u043f\u0435\u0439\u0441\u043a\u0430\u0442\u0430 \u043a\u043e\u043c\u0438\u0441\u0438\u044f &#8216;e-Skills for jobs&#8217;.<br \/>b) \u0438\u0437\u0433\u0440\u0430\u0436\u0434\u0430\u043d\u0435 \u043d\u0430 \u0435\u043a\u043e\u0441\u0438\u0441\u0442\u0435\u043c\u0430 \u043e\u0442 \u043a\u043b\u044e\u0447\u043e\u0432\u0438 \u043f\u0430\u0440\u0442\u043d\u044c\u043e\u0440\u0438 \u0437\u0430 \u0441\u044a\u0437\u0434\u0430\u0432\u0430\u043d\u0435 \u043d\u0430 \u0434\u043e\u0441\u0442\u044a\u043f \u0434\u043e \u043d\u0435\u0434\u043e\u043f\u0440\u0435\u0434\u0441\u0442\u0430\u0432\u0435\u043d\u0438 \u0442\u0430\u043b\u0430\u043d\u0442\u0438.<br \/>c) \u0438\u0434\u0435\u043d\u0442\u0438\u0444\u0438\u0446\u0438\u0440\u0430\u043d\u0435 \u043d\u0430 \u043d\u0435\u0434\u043e\u043f\u0440\u0435\u0434\u0441\u0442\u0430\u0432\u0435\u043d\u0438\u0442\u0435 \u0443\u043c\u0435\u043d\u0438\u044f, \u043e\u0431\u043e\u0441\u043d\u043e\u0432\u043a\u0430 \u043d\u0430 \u044f\u0432\u043b\u0435\u043d\u0438\u0435\u0442\u043e \u043d\u0430 \u0442\u0430\u043b\u0430\u043d\u0442\u043b\u0438\u0432\u0438 \u0445\u043e\u0440\u0430, \u043a\u043e\u0438\u0442\u043e \u043d\u044f\u043c\u0430\u0442 \u0442\u0440\u0430\u0434\u0438\u0446\u0438\u043e\u043d\u043d\u0438 \u043a\u0432\u0430\u043b\u0438\u0444\u0438\u043a\u0430\u0446\u0438\u0438, \u0437\u0430 \u0434\u0430 \u043f\u043e\u043b\u0443\u0447\u0430\u0442 \u0434\u043e\u0431\u0440\u0430 \u0440\u0430\u0431\u043e\u0442\u0430 \u0432 \u043e\u0431\u043b\u0430\u0441\u0442\u0442\u0430 \u043d\u0430 AI;<br \/>d) \u043d\u0430\u0441\u044a\u0440\u0447\u0430\u0432\u0430\u043d\u0435 \u043d\u0430 \u0431\u0438\u0437\u043d\u0435\u0441 \u0432\u044a\u0437\u043c\u043e\u0436\u043d\u043e\u0441\u0442\u0438 \u0447\u0440\u0435\u0437 AI Job Hub \u043c\u0435\u0436\u0434\u0443 \u0443\u043d\u0438\u0432\u0435\u0440\u0441\u0438\u0442\u0435\u0442\u0438\u0442\u0435 \u0438 \u0431\u0438\u0437\u043d\u0435\u0441\u0430, \u0432\u043a\u043b\u044e\u0447\u0438\u0442\u0435\u043b\u043d\u043e \u0432\u044a\u0437 \u043e\u0441\u043d\u043e\u0432\u0430 \u043d\u0430 \u0435\u0444\u0435\u043a\u0442\u0438\u0432\u043d\u0438 \u0440\u0435\u0448\u0435\u043d\u0438\u044f, \u0431\u0430\u0437\u0438\u0440\u0430\u043d\u0438 \u043d\u0430 \u0438\u0437\u043a\u0443\u0441\u0442\u0432\u0435\u043d \u0438\u043d\u0442\u0435\u043b\u0435\u043a\u0442 \u0432 \u0440\u0435\u0430\u043b\u043d\u0438\u044f \u0441\u0432\u044f\u0442.<br \/>e) \u043f\u043e\u0434\u043a\u0440\u0435\u043f\u0430 \u0437\u0430 \u0441\u044a\u0437\u0434\u0430\u0432\u0430\u043d\u0435\u0442\u043e \u043d\u0430 \u0441\u0442\u0430\u0436\u0430\u043d\u0442\u0441\u043a\u0438 \u043f\u0440\u043e\u0433\u0440\u0430\u043c\u0438, \u043d\u0430\u0434\u0437\u043e\u0440 \u043d\u0430 \u0434\u043e\u043a\u0442\u043e\u0440\u0430\u043d\u0442\u0438 \u043c\u0435\u0436\u0434\u0443 HEI \u0438 \u0431\u0438\u0437\u043d\u0435\u0441\u0430 \u0447\u0440\u0435\u0437 AI Job Hub.<br \/>f) \u0441\u0442\u0430\u0440\u0442\u0438\u0440\u0430\u043d\u0435 \u043d\u0430 \u043d\u043e\u0432\u0438 \u0438\u043d\u0438\u0446\u0438\u0430\u0442\u0438\u0432\u0438 \u0437\u0430 \u043e\u0441\u0438\u0433\u0443\u0440\u044f\u0432\u0430\u043d\u0435 \u043d\u0430 \u0430\u0434\u0435\u043a\u0432\u0430\u0442\u043d\u043e \u043f\u0440\u043e\u043c\u043e\u0442\u0438\u0440\u0430\u043d\u0435 \u043d\u0430 \u0442\u0435\u0437\u0438 \u0443\u043c\u0435\u043d\u0438\u044f \u0432 \u0443\u0447\u0435\u0431\u043d\u0438\u0442\u0435 \u043f\u0440\u043e\u0433\u0440\u0430\u043c\u0438, \u0432 \u0440\u0430\u0437\u0432\u0438\u0442\u0438\u0435\u0442\u043e \u043d\u0430 \u043f\u0440\u0435\u043f\u043e\u0434\u0430\u0432\u0430\u0442\u0435\u043b\u0438\u0442\u0435, \u0432 \u043f\u0440\u0430\u043a\u0442\u0438\u043a\u0438\u0442\u0435 \u0437\u0430 \u043e\u0446\u0435\u043d\u044f\u0432\u0430\u043d\u0435 \u0438 \u0432 \u0443\u0447\u0435\u0431\u043d\u043e\u0442\u043e \u0441\u044a\u0434\u044a\u0440\u0436\u0430\u043d\u0438\u0435, \u0441\u044a\u0447\u0435\u0442\u0430\u0432\u0430\u0449\u043e \u043d\u043e\u0432\u0438 \u0442\u0435\u043d\u0434\u0435\u043d\u0446\u0438\u0438 \u0432 \u0418\u041a\u0422, Big Data \u0438 AI, \u043d\u043e\u0432\u0438 \u043e\u0431\u0440\u0430\u0437\u043e\u0432\u0430\u0442\u0435\u043b\u043d\u0438 \u0438\u043d\u0441\u0442\u0440\u0443\u043c\u0435\u043d\u0442\u0438 \u0438 \u0443\u0447\u0435\u0431\u043d\u0438 \u0440\u0435\u0441\u0443\u0440\u0441\u0438, \u043a\u043e\u0438\u0442\u043e \u0449\u0435 \u0431\u044a\u0434\u0430\u0442 \u0441\u044a\u0431\u0438\u0440\u0430\u043d\u0438, \u043e\u0431\u0440\u0430\u0431\u043e\u0442\u0432\u0430\u043d\u0438 \u0438 \u0440\u0430\u0437\u043f\u0440\u043e\u0441\u0442\u0440\u0430\u043d\u044f\u0432\u0430\u043d\u0438 \u0447\u0440\u0435\u0437 Smart AI Job Hub \u0437\u0430 \u043c\u043e\u0434\u0435\u0440\u043d\u0438\u0437\u0430\u0446\u0438\u044f \u043d\u0430 \u0443\u0447\u0435\u0431\u043d\u0438\u0442\u0435 \u043f\u0440\u043e\u0433\u0440\u0430\u043c\u0438 \u0438 \u043f\u043e-\u043d\u0430\u0442\u0430\u0442\u044a\u0448\u043d\u043e \u0440\u0430\u0437\u0432\u0438\u0442\u0438\u0435.<br \/><br \/>\u041f\u0440\u043e\u0435\u043a\u0442\u044a\u0442 FAAI \u043e\u0431\u0435\u0434\u0438\u043d\u044f\u0432\u0430 \u0447\u0435\u0442\u0438\u0440\u0438\u043c\u0430 \u043f\u0430\u0440\u0442\u043d\u044c\u043e\u0440\u0438 \u043e\u0442 \u043f\u0435\u0442 \u0435\u0432\u0440\u043e\u043f\u0435\u0439\u0441\u043a\u0438 \u0441\u0442\u0440\u0430\u043d\u0438: \u041f\u043e\u043b\u0448\u0430, \u0411\u044a\u043b\u0433\u0430\u0440\u0438\u044f, \u0421\u043b\u043e\u0432\u0430\u043a\u0438\u044f, \u0421\u044a\u0440\u0431\u0438\u044f \u0438 \u0427\u0435\u0440\u043d\u0430 \u0433\u043e\u0440\u0430. \u0417\u0430 \u0434\u0430 \u0438\u0437\u043f\u044a\u043b\u043d\u0438 \u043f\u043e\u0441\u043e\u0447\u0435\u043d\u0438\u0442\u0435 \u0446\u0435\u043b\u0438, \u043f\u0440\u043e\u0435\u043a\u0442\u044a\u0442 FAAI \u0432\u043a\u043b\u044e\u0447\u0432\u0430 \u0442\u0440\u0438 \u0443\u0447\u0435\u0431\u043d\u0438\/\u043e\u0431\u0443\u0447\u0438\u0442\u0435\u043b\u043d\u0438 \u0434\u0435\u0439\u043d\u043e\u0441\u0442\u0438, \u0444\u043e\u043a\u0443\u0441\u0438\u0440\u0430\u043d\u0438 \u0432\u044a\u0440\u0445\u0443:<br \/><br \/>1. \u0422\u0440\u0435\u043d\u044c\u043e\u0440\u0438 \u043e\u0442 HEI<br \/>2. \u0421\u0442\u0443\u0434\u0435\u043d\u0442\u0438 \u043e\u0442 \u0431\u0430\u043a\u0430\u043b\u0430\u0432\u044a\u0440\u0441\u043a\u0438 \u0438 \u043c\u0430\u0433\u0438\u0441\u0442\u044a\u0440\u0441\u043a\u0438 \u043f\u0440\u043e\u0433\u0440\u0430\u043c\u0438<br \/>3. \u0411\u0438\u0437\u043d\u0435\u0441 \u043c\u0435\u043d\u0438\u0434\u0436\u044a\u0440\u0438<br \/><br \/>\u041e\u0441\u0432\u0435\u043d \u0442\u043e\u0432\u0430 \u043f\u0440\u043e\u0435\u043a\u0442\u044a\u0442 \u0432\u043a\u043b\u044e\u0447\u0432\u0430 \u043e\u0440\u0433\u0430\u043d\u0438\u0437\u0430\u0446\u0438\u044f\u0442\u0430 \u043d\u0430 \u0447\u0435\u0442\u0438\u0440\u0438 \u043c\u0443\u043b\u0442\u0438\u043f\u043b\u0438\u043a\u0430\u0442\u0438\u0432\u043d\u0438 \u0441\u044a\u0431\u0438\u0442\u0438\u044f \u0437\u0430 \u0440\u0430\u0437\u043f\u0440\u043e\u0441\u0442\u0440\u0430\u043d\u0435\u043d\u0438\u0435 \u043d\u0430 \u0447\u0435\u0442\u0438\u0440\u0438\u0442\u0435 \u0440\u0430\u0431\u043e\u0442\u043d\u0438 \u043f\u0430\u043a\u0435\u0442\u0430 \u043d\u0430 \u043f\u0440\u043e\u0435\u043a\u0442\u0430 (&#8220;\u0414\u043e\u0431\u0440\u0438 \u043f\u0440\u0430\u043a\u0442\u0438\u043a\u0438 \u0432 \u0438\u0437\u043f\u043e\u043b\u0437\u0432\u0430\u043d\u0435\u0442\u043e \u043d\u0430 \u0438\u0437\u043a\u0443\u0441\u0442\u0432\u0435\u043d \u0438\u043d\u0442\u0435\u043b\u0435\u043a\u0442 \u0438 \u043c\u0430\u0448\u0438\u043d\u043d\u043e \u043e\u0431\u0443\u0447\u0435\u043d\u0438\u0435&#8221;, &#8220;\u041e\u043f\u0440\u0435\u0434\u0435\u043b\u044f\u043d\u0435 \u043d\u0430 \u0438\u0437\u0438\u0441\u043a\u0432\u0430\u043d\u0438\u044f\u0442\u0430 \u0437\u0430 \u043e\u0431\u0443\u0447\u0435\u043d\u0438\u0435 \u043f\u043e \u0438\u0437\u043a\u0443\u0441\u0442\u0432\u0435\u043d \u0438\u043d\u0442\u0435\u043b\u0435\u043a\u0442&#8221;, &#8220;\u0420\u0430\u043c\u043a\u0430 \u0437\u0430 \u043e\u0431\u0443\u0447\u0435\u043d\u0438\u0435 \u043f\u043e \u0438\u0437\u043a\u0443\u0441\u0442\u0432\u0435\u043d \u0438\u043d\u0442\u0435\u043b\u0435\u043a\u0442 \u0432 HE&#8221;, &#8220;\u041f\u0438\u043b\u043e\u0442\u0438\u0440\u0430\u043d\u0435&#8221;).<br \/><br \/><\/div>\r\n<div id=\"fluent-default-layer-host\">\r\n<div id=\"LivePersonaCardRootElement\" class=\"lpc_ip_root_class LivePersonaCardScrollBar\" data-tabster=\"{&quot;focusable&quot;: { &quot;ignoreKeydown&quot;: { &quot;Tab&quot;: true } } }\">\u00a0<\/div>\r\n<\/div>","protected":false},"excerpt":{"rendered":"<p>Witamy w FAAI Smart JobHub w ramach projektu Erasmus+: FAAI JOB HUB Przysz\u0142o\u015b\u0107 jest w zastosowanej sztucznej inteligencji Numer projektu: 2022-1-PL01-KA220-HED-000088359 Projekt zrzesza pi\u0119\u0107 uniwersytet\u00f3w: UNIVERSITY OF BIELSKO-BIALA &#8211; POLAND UNIVERSITY OF LIBRARY STUDIES AND INFORMATION TECHNOLOGIES &#8211; BULGARIA UNIVERSITY OF NIS\u00a0&#8211; SERBIA UNIVERSITY OF MONTENEGRO UNIVERSITY OF SS. CYRIL AND METHODIUS IN TRNAVA &#8211; &hellip; <\/p>\n<p class=\"read-more\"><a class=\"btn btn-default\" href=\"https:\/\/faai.ath.edu.pl\/?page_id=100&#038;lang=bg\"> Read More<span class=\"screen-reader-text\">  Read More<\/span><\/a><\/p>\n","protected":false},"author":1,"featured_media":0,"parent":0,"menu_order":0,"comment_status":"closed","ping_status":"closed","template":"","meta":{"footnotes":""},"class_list":["post-100","page","type-page","status-publish","hentry"],"_links":{"self":[{"href":"https:\/\/faai.ath.edu.pl\/index.php?rest_route=\/wp\/v2\/pages\/100","targetHints":{"allow":["GET"]}}],"collection":[{"href":"https:\/\/faai.ath.edu.pl\/index.php?rest_route=\/wp\/v2\/pages"}],"about":[{"href":"https:\/\/faai.ath.edu.pl\/index.php?rest_route=\/wp\/v2\/types\/page"}],"author":[{"embeddable":true,"href":"https:\/\/faai.ath.edu.pl\/index.php?rest_route=\/wp\/v2\/users\/1"}],"replies":[{"embeddable":true,"href":"https:\/\/faai.ath.edu.pl\/index.php?rest_route=%2Fwp%2Fv2%2Fcomments&post=100"}],"version-history":[{"count":3,"href":"https:\/\/faai.ath.edu.pl\/index.php?rest_route=\/wp\/v2\/pages\/100\/revisions"}],"predecessor-version":[{"id":723,"href":"https:\/\/faai.ath.edu.pl\/index.php?rest_route=\/wp\/v2\/pages\/100\/revisions\/723"}],"wp:attachment":[{"href":"https:\/\/faai.ath.edu.pl\/index.php?rest_route=%2Fwp%2Fv2%2Fmedia&parent=100"}],"curies":[{"name":"wp","href":"https:\/\/api.w.org\/{rel}","templated":true}]}}