{"id":106,"date":"2023-02-22T07:16:49","date_gmt":"2023-02-22T07:16:49","guid":{"rendered":"https:\/\/faai.ath.edu.pl\/?page_id=106"},"modified":"2024-10-24T18:36:22","modified_gmt":"2024-10-24T18:36:22","slug":"o-nas-2","status":"publish","type":"page","link":"https:\/\/faai.ath.edu.pl\/?page_id=106&lang=sk","title":{"rendered":"O n\u00e1s"},"content":{"rendered":"<p style=\"text-align: center;\">Vitajte na \u00a0<strong>FAAI Smart JobHub<\/strong><\/p>\r\n<p style=\"text-align: center;\">v r\u00e1mci projektu Erasmus+: <strong>FAAI JOB HUB The Future Is In Applied Artificial Intelligence<\/strong><\/p>\r\n<!-- \/wp:post-content -->\r\n\r\n<!-- wp:paragraph \/-->\r\n\r\n<!-- wp:image {\"id\":86} \/-->\r\n\r\n<!-- wp:paragraph -->\r\n<p style=\"text-align: center;\"><strong>\u010c\u00edslo projektu: 2022-1-PL01-KA220-HED-000088359<\/strong><\/p>\r\n<p style=\"text-align: center;\">Projekt zhroma\u017e\u010fuje p\u00e4\u0165 univerz\u00edt:<\/p>\r\n<!-- \/wp:paragraph -->\r\n\r\n<!-- wp:image {\"id\":19,\"linkDestination\":\"custom\"} -->\r\n<p><img loading=\"lazy\" decoding=\"async\" class=\"size-full wp-image-712 aligncenter\" src=\"https:\/\/faai.ath.edu.pl\/wp-content\/uploads\/2024\/10\/loga.png\" alt=\"\" width=\"826\" height=\"175\" srcset=\"https:\/\/faai.ath.edu.pl\/wp-content\/uploads\/2024\/10\/loga.png 826w, https:\/\/faai.ath.edu.pl\/wp-content\/uploads\/2024\/10\/loga-300x64.png 300w, https:\/\/faai.ath.edu.pl\/wp-content\/uploads\/2024\/10\/loga-768x163.png 768w, https:\/\/faai.ath.edu.pl\/wp-content\/uploads\/2024\/10\/loga-604x128.png 604w\" sizes=\"auto, (max-width: 826px) 100vw, 826px\" \/><\/p>\r\n<p><!-- \/wp:image -->\r\n\r\n<!-- wp::paragraph --><\/p>\r\n<p style=\"text-align: center;\"><a href=\"http:\/\/www.ath.bielsko.pl\/\">UNIVERSITY OF BIELSKO-BIALA &#8211; POLAND<\/a><\/p>\r\n<p style=\"text-align: center;\"><a href=\"https:\/\/www.unibit.bg\/\">UNIVERSITY OF LIBRARY STUDIES AND INFORMATION TECHNOLOGIES &#8211; BULGARIA<\/a><\/p>\r\n<p style=\"text-align: center;\"><a href=\"https:\/\/www.ni.ac.rs\/\">UNIVERSITY OF NIS\u00a0&#8211; SERBIA<\/a><\/p>\r\n<p style=\"text-align: center;\"><a href=\"https:\/\/www.ucg.ac.me\/\">UNIVERSITY OF MONTENEGRO<\/a><\/p>\r\n<p><!-- \/wp:paragraph -->\r\n\r\n<!-- wp:paragraph --><\/p>\r\n<p style=\"text-align: center;\"><a href=\"https:\/\/www.ucm.sk\/en\/\">UNIVERSITY OF SS. CYRIL AND METHODIUS IN TRNAVA &#8211; SLOVAKIA<\/a><\/p>\r\n<p>&nbsp;<\/p>\r\n<div id=\"CIBLiveRegion\" aria-live=\"polite\" aria-atomic=\"true\" aria-relevant=\"additions text\">\r\n<p>Projekt \u201cBud\u00facnos\u0165 je v aplikovanej umelej inteligencii\u201d (FAAI) m\u00e1 za cie\u013e spoji\u0165 vysok\u00e9 \u0161koly (HEI) a podniky, aby sa rie\u0161ili kompetencie a kompatibiln\u00e9 pracovn\u00e9 profily. T\u00e1to spolupr\u00e1ca poskytne inovat\u00edvne rie\u0161enia pre \u0161kolenie odborn\u00edkov v oblasti strojov\u00e9ho u\u010denia a umelej inteligencie. Vzdel\u00e1vac\u00ed r\u00e1mec je zalo\u017een\u00fd na \u201cIEEE FEDERATED MACHINE LEARNING WHITE PAPER\u201d. Bude sledovan\u00fd a \u201cTHE IEEE GLOBAL INITIATIVE ON ETHICS OF AUTONOMOUS AND INTELLIGENT SYSTEMS\u201d. V tomto kontexte m\u00e1 projekt za cie\u013e:<\/p>\r\n<p>a) preklen\u00fa\u0165 s\u00fa\u010dasn\u00fa digit\u00e1lnu zru\u010dnostn\u00fa medzeru v niektor\u00fdch eur\u00f3pskych krajin\u00e1ch pod\u013ea kampane Eur\u00f3pskej komisie \u2018e-Skills for jobs\u2019.<\/p>\r\n<p>b) vybudova\u0165 ekosyst\u00e9m k\u013e\u00fa\u010dov\u00fdch partnerov na vytvorenie pr\u00edstupov\u00e9ho bodu v nedostato\u010dne zast\u00fapen\u00fdch talentov\u00fdch baz\u00e9noch.<\/p>\r\n<p>c) identifik\u00e1ciu nedostato\u010dne zast\u00fapen\u00fdch zru\u010dnost\u00ed, d\u00f4vody za fenom\u00e9nom talentovan\u00fdch \u013eud\u00ed, ktor\u00ed nemaj\u00fa tradi\u010dn\u00e9 kvalifik\u00e1cie na z\u00edskanie dobrej pr\u00e1ce v oblasti AI;<\/p>\r\n<p>d) podporova\u0165 obchodn\u00e9 pr\u00edle\u017eitosti prostredn\u00edctvom AI Job Hub medzi univerzitami a podnikmi, vr\u00e1tane na z\u00e1klade efekt\u00edvnych rie\u0161en\u00ed zalo\u017een\u00fdch na umelej inteligencii v re\u00e1lnom svete.<\/p>\r\n<p>e) podporova\u0165 vytv\u00e1ranie st\u00e1\u017eov\u00fdch programov, doh\u013ead nad doktorandmi medzi HEI a podnikmi prostredn\u00edctvom AI Job Hub.<\/p>\r\n<p>f) spustenie nov\u00fdch iniciat\u00edv na zabezpe\u010denie, aby tieto zru\u010dnosti boli primerane propagovan\u00e9 v u\u010debn\u00fdch osnov\u00e1ch, v rozvoji u\u010dite\u013eov, v hodnotiacich praktik\u00e1ch a v u\u010debnom obsahu, kombinuj\u00fac nov\u00e9 trendy v IKT, Big Data a AI, nov\u00e9 vzdel\u00e1vacie n\u00e1stroje a vzdel\u00e1vacie zdroje, ktor\u00e9 bud\u00fa zhroma\u017e\u010fovan\u00e9, spracov\u00e1van\u00e9 a distribuovan\u00e9 prostredn\u00edctvom Smart AI Job Hub na moderniz\u00e1ciu u\u010debn\u00fdch osnov a \u010fal\u0161\u00ed rozvoj.<\/p>\r\n<p>Projekt FAAI sp\u00e1ja \u0161tyroch partnerov z piatich eur\u00f3pskych kraj\u00edn: Po\u013eska, Bulharska, Slovenska, Srbska a \u010ciernej Hory. Na splnenie uveden\u00fdch cie\u013eov projekt FAAI zah\u0155\u0148a tri vzdel\u00e1vacie\/\u0161koliace aktivity zameran\u00e9 na:<\/p>\r\n<p>1.Tr\u00e9nerov HEI<br \/>2.\u0160tudentov bakal\u00e1rskeho a magistersk\u00e9ho \u0161t\u00fadia<br \/>3.Obchodn\u00fdch mana\u017e\u00e9rov<\/p>\r\n<p>Okrem toho projekt zah\u0155\u0148a organiz\u00e1ciu \u0161tyroch multiplikat\u00edvnych podujat\u00ed na \u0161\u00edrenie \u0161tyroch pracovn\u00fdch bal\u00edkov projektu (\u201cDobr\u00e9 praktiky v pou\u017e\u00edvan\u00ed umelej inteligencie a strojov\u00e9ho u\u010denia\u201d, \u201cNastavenie po\u017eiadaviek na vzdel\u00e1vanie umelej inteligencie\u201d, \u201cR\u00e1mec umelej inteligencie pre \u0161kolenie v HE\u201d, \u201cPilotovanie\u201d).<\/p>\r\n<\/div>","protected":false},"excerpt":{"rendered":"<p>Vitajte na \u00a0FAAI Smart JobHub v r\u00e1mci projektu Erasmus+: FAAI JOB HUB The Future Is In Applied Artificial Intelligence \u010c\u00edslo projektu: 2022-1-PL01-KA220-HED-000088359 Projekt zhroma\u017e\u010fuje p\u00e4\u0165 univerz\u00edt: UNIVERSITY OF BIELSKO-BIALA &#8211; POLAND UNIVERSITY OF LIBRARY STUDIES AND INFORMATION TECHNOLOGIES &#8211; BULGARIA UNIVERSITY OF NIS\u00a0&#8211; SERBIA UNIVERSITY OF MONTENEGRO UNIVERSITY OF SS. CYRIL AND METHODIUS IN TRNAVA &hellip; <\/p>\n<p class=\"read-more\"><a class=\"btn btn-default\" href=\"https:\/\/faai.ath.edu.pl\/?page_id=106&#038;lang=sk\"> Read More<span class=\"screen-reader-text\">  Read More<\/span><\/a><\/p>\n","protected":false},"author":1,"featured_media":0,"parent":0,"menu_order":0,"comment_status":"closed","ping_status":"closed","template":"","meta":{"footnotes":""},"class_list":["post-106","page","type-page","status-publish","hentry"],"_links":{"self":[{"href":"https:\/\/faai.ath.edu.pl\/index.php?rest_route=\/wp\/v2\/pages\/106","targetHints":{"allow":["GET"]}}],"collection":[{"href":"https:\/\/faai.ath.edu.pl\/index.php?rest_route=\/wp\/v2\/pages"}],"about":[{"href":"https:\/\/faai.ath.edu.pl\/index.php?rest_route=\/wp\/v2\/types\/page"}],"author":[{"embeddable":true,"href":"https:\/\/faai.ath.edu.pl\/index.php?rest_route=\/wp\/v2\/users\/1"}],"replies":[{"embeddable":true,"href":"https:\/\/faai.ath.edu.pl\/index.php?rest_route=%2Fwp%2Fv2%2Fcomments&post=106"}],"version-history":[{"count":4,"href":"https:\/\/faai.ath.edu.pl\/index.php?rest_route=\/wp\/v2\/pages\/106\/revisions"}],"predecessor-version":[{"id":729,"href":"https:\/\/faai.ath.edu.pl\/index.php?rest_route=\/wp\/v2\/pages\/106\/revisions\/729"}],"wp:attachment":[{"href":"https:\/\/faai.ath.edu.pl\/index.php?rest_route=%2Fwp%2Fv2%2Fmedia&parent=106"}],"curies":[{"name":"wp","href":"https:\/\/api.w.org\/{rel}","templated":true}]}}