{"id":528,"date":"2023-12-05T12:23:02","date_gmt":"2023-12-05T12:23:02","guid":{"rendered":"https:\/\/faai.ath.edu.pl\/?page_id=528"},"modified":"2023-12-05T12:29:43","modified_gmt":"2023-12-05T12:29:43","slug":"dostepnosc-i-inkluzywnosc","status":"publish","type":"page","link":"https:\/\/faai.ath.edu.pl\/?page_id=528&lang=pl","title":{"rendered":"Dost\u0119pno\u015b\u0107 i inkluzywno\u015b\u0107"},"content":{"rendered":"<p>Drogi go\u015bciu FAAI, zgodnie z zasadami FAAI oferujemy nasze publikacje w spos\u00f3b przyst\u0119pny i w\u0142\u0105czaj\u0105cy. Wi\u0119kszo\u015b\u0107 publikacji jest obj\u0119ta otwartym dost\u0119pem, ale niekt\u00f3re publikacje naukowe obj\u0119te s\u0105 innymi rodzajami licencji. Je\u017celi Ty lub Twoja instytucja nie macie dost\u0119pu do pe\u0142nej wersji artyku\u0142u, zach\u0119camy do bezpo\u015bredniego kontaktu z autorami w celu uzyskania informacji o publikacji. Autorzy b\u0119d\u0105cy uczestnikami projektu ch\u0119tnie podziel\u0105 si\u0119 z Pa\u0144stwem swoj\u0105 wiedz\u0105. Co wi\u0119cej, do wszystkich artyku\u0142\u00f3w do\u0142\u0105czona jest wersja audio opracowana z my\u015bl\u0105 o w\u0142\u0105czeniu zasob\u00f3w.<\/p>\n<p>Wszystkie zasoby znajdziesz tutaj: <a href=\"https:\/\/faai.ath.edu.pl\/?cat=184&amp;lang=pl\">https:\/\/faai.ath.edu.pl\/?cat=184&amp;lang=pl<\/a><\/p>\n","protected":false},"excerpt":{"rendered":"<p>Drogi go\u015bciu FAAI, zgodnie z zasadami FAAI oferujemy nasze publikacje w spos\u00f3b przyst\u0119pny i w\u0142\u0105czaj\u0105cy. Wi\u0119kszo\u015b\u0107 publikacji jest obj\u0119ta otwartym dost\u0119pem, ale niekt\u00f3re publikacje naukowe obj\u0119te s\u0105 innymi rodzajami licencji. Je\u017celi Ty lub Twoja instytucja nie macie dost\u0119pu do pe\u0142nej wersji artyku\u0142u, zach\u0119camy do bezpo\u015bredniego kontaktu z autorami w celu uzyskania informacji o publikacji. Autorzy &hellip; <\/p>\n<p class=\"read-more\"><a class=\"btn btn-default\" href=\"https:\/\/faai.ath.edu.pl\/?page_id=528&#038;lang=pl\"> Read More<span class=\"screen-reader-text\">  Read More<\/span><\/a><\/p>\n","protected":false},"author":1,"featured_media":0,"parent":0,"menu_order":0,"comment_status":"closed","ping_status":"closed","template":"","meta":{"footnotes":""},"class_list":["post-528","page","type-page","status-publish","hentry"],"_links":{"self":[{"href":"https:\/\/faai.ath.edu.pl\/index.php?rest_route=\/wp\/v2\/pages\/528","targetHints":{"allow":["GET"]}}],"collection":[{"href":"https:\/\/faai.ath.edu.pl\/index.php?rest_route=\/wp\/v2\/pages"}],"about":[{"href":"https:\/\/faai.ath.edu.pl\/index.php?rest_route=\/wp\/v2\/types\/page"}],"author":[{"embeddable":true,"href":"https:\/\/faai.ath.edu.pl\/index.php?rest_route=\/wp\/v2\/users\/1"}],"replies":[{"embeddable":true,"href":"https:\/\/faai.ath.edu.pl\/index.php?rest_route=%2Fwp%2Fv2%2Fcomments&post=528"}],"version-history":[{"count":3,"href":"https:\/\/faai.ath.edu.pl\/index.php?rest_route=\/wp\/v2\/pages\/528\/revisions"}],"predecessor-version":[{"id":533,"href":"https:\/\/faai.ath.edu.pl\/index.php?rest_route=\/wp\/v2\/pages\/528\/revisions\/533"}],"wp:attachment":[{"href":"https:\/\/faai.ath.edu.pl\/index.php?rest_route=%2Fwp%2Fv2%2Fmedia&parent=528"}],"curies":[{"name":"wp","href":"https:\/\/api.w.org\/{rel}","templated":true}]}}