{"id":738,"date":"2024-10-24T20:39:36","date_gmt":"2024-10-24T20:39:36","guid":{"rendered":"https:\/\/faai.ath.edu.pl\/?page_id=738"},"modified":"2024-10-24T21:34:36","modified_gmt":"2024-10-24T21:34:36","slug":"materialy-edukacyjne","status":"publish","type":"page","link":"https:\/\/faai.ath.edu.pl\/?page_id=738&lang=pl","title":{"rendered":"Materia\u0142y edukacyjne"},"content":{"rendered":"<p style=\"text-align: center;\">\u00a0<strong> The Future is in A<\/strong><strong>pplied Artificial Intelligence<\/strong><\/p>\r\n<!-- \/wp:post-content -->\r\n\r\n<!-- wp:paragraph \/-->\r\n\r\n<!-- wp:paragraph -->\r\n<p style=\"text-align: center;\">Numer projektu: <strong>2022-1-PL01-KA220-HED-000088359<\/strong><\/p>\r\n<p style=\"text-align: center;\">Dzi\u0119ki wsp\u00f3\u0142pracy pi\u0119ciu uniwersytet\u00f3w i wsparciu biznesu, prezentujemy dwunastojednostkowy kurs dotycz\u0105cy zastosowania sztucznej inteligencji w praktyce.<\/p>\r\n<p><img loading=\"lazy\" decoding=\"async\" class=\"wp-image-736 aligncenter\" src=\"https:\/\/faai.ath.edu.pl\/wp-content\/uploads\/2024\/10\/pictxx-1.jpg\" alt=\"\" width=\"266\" height=\"231\" srcset=\"https:\/\/faai.ath.edu.pl\/wp-content\/uploads\/2024\/10\/pictxx-1.jpg 510w, https:\/\/faai.ath.edu.pl\/wp-content\/uploads\/2024\/10\/pictxx-1-300x261.jpg 300w, https:\/\/faai.ath.edu.pl\/wp-content\/uploads\/2024\/10\/pictxx-1-311x270.jpg 311w\" sizes=\"auto, (max-width: 266px) 100vw, 266px\" \/><\/p>\r\n<p style=\"text-align: center;\">Kurs dost\u0119pny jest:<\/p>\r\n<p style=\"text-align: center;\"><strong>Wersja podstawowa (j\u0119zyk angielski)<\/strong>: <a class=\"ac-anchor\" href=\"https:\/\/projects.unibit.bg\/course\/view.php?id=63\" target=\"_blank\" rel=\"noopener\">link do kursu<\/a><\/p>\r\n<p style=\"text-align: center;\">T\u0142umaczenia j\u0119zykowe:<\/p>\r\n<p style=\"text-align: center;\"><strong>Wersja w j\u0119zyku polskim<\/strong>: <a class=\"ac-anchor\" href=\"https:\/\/projects.unibit.bg\/course\/view.php?id=78\" target=\"_blank\" rel=\"noopener\">link do kursu<\/a><\/p>\r\n<p style=\"text-align: center;\"><strong>Wersja w j\u0119zyku bu\u0142gaskim<\/strong>: <a class=\"ac-anchor\" href=\"https:\/\/projects.unibit.bg\/course\/view.php?id=77\" target=\"_blank\" rel=\"noopener\">link do kursu<\/a><\/p>\r\n<p style=\"text-align: center;\"><strong>Wersja w j\u0119zyku s\u0142owackim<\/strong>: <a class=\"ac-anchor\" href=\"https:\/\/projects.unibit.bg\/course\/view.php?id=79\" target=\"_blank\" rel=\"noopener\">link do kursu<\/a><\/p>\r\n<p style=\"text-align: center;\"><strong>Wersja w j\u0119zyku serbskim<\/strong>: <a class=\"ac-anchor\" href=\"https:\/\/projects.unibit.bg\/course\/view.php?id=80\" target=\"_blank\" rel=\"noopener\">link do kursu<\/a><\/p>\r\n<p style=\"text-align: center;\"><strong>Wersja w j\u0119zyku czarnog\u00f3rskim<\/strong>: <a class=\"ac-anchor\" href=\"https:\/\/projects.unibit.bg\/course\/view.php?id=81\" target=\"_blank\" rel=\"noopener\">link do kursu<\/a><\/p>\r\n<p><img loading=\"lazy\" decoding=\"async\" class=\"size-full wp-image-712 aligncenter\" src=\"https:\/\/faai.ath.edu.pl\/wp-content\/uploads\/2024\/10\/loga.png\" alt=\"\" width=\"826\" height=\"175\" srcset=\"https:\/\/faai.ath.edu.pl\/wp-content\/uploads\/2024\/10\/loga.png 826w, https:\/\/faai.ath.edu.pl\/wp-content\/uploads\/2024\/10\/loga-300x64.png 300w, https:\/\/faai.ath.edu.pl\/wp-content\/uploads\/2024\/10\/loga-768x163.png 768w, https:\/\/faai.ath.edu.pl\/wp-content\/uploads\/2024\/10\/loga-604x128.png 604w\" sizes=\"auto, (max-width: 826px) 100vw, 826px\" \/><\/p>","protected":false},"excerpt":{"rendered":"<p>\u00a0 The Future is in Applied Artificial Intelligence Numer projektu: 2022-1-PL01-KA220-HED-000088359 Dzi\u0119ki wsp\u00f3\u0142pracy pi\u0119ciu uniwersytet\u00f3w i wsparciu biznesu, prezentujemy dwunastojednostkowy kurs dotycz\u0105cy zastosowania sztucznej inteligencji w praktyce. Kurs dost\u0119pny jest: Wersja podstawowa (j\u0119zyk angielski): link do kursu T\u0142umaczenia j\u0119zykowe: Wersja w j\u0119zyku polskim: link do kursu Wersja w j\u0119zyku bu\u0142gaskim: link do kursu Wersja w &hellip; <\/p>\n<p class=\"read-more\"><a class=\"btn btn-default\" href=\"https:\/\/faai.ath.edu.pl\/?page_id=738&#038;lang=pl\"> Read More<span class=\"screen-reader-text\">  Read More<\/span><\/a><\/p>\n","protected":false},"author":1,"featured_media":0,"parent":0,"menu_order":0,"comment_status":"closed","ping_status":"closed","template":"","meta":{"footnotes":""},"class_list":["post-738","page","type-page","status-publish","hentry"],"_links":{"self":[{"href":"https:\/\/faai.ath.edu.pl\/index.php?rest_route=\/wp\/v2\/pages\/738","targetHints":{"allow":["GET"]}}],"collection":[{"href":"https:\/\/faai.ath.edu.pl\/index.php?rest_route=\/wp\/v2\/pages"}],"about":[{"href":"https:\/\/faai.ath.edu.pl\/index.php?rest_route=\/wp\/v2\/types\/page"}],"author":[{"embeddable":true,"href":"https:\/\/faai.ath.edu.pl\/index.php?rest_route=\/wp\/v2\/users\/1"}],"replies":[{"embeddable":true,"href":"https:\/\/faai.ath.edu.pl\/index.php?rest_route=%2Fwp%2Fv2%2Fcomments&post=738"}],"version-history":[{"count":4,"href":"https:\/\/faai.ath.edu.pl\/index.php?rest_route=\/wp\/v2\/pages\/738\/revisions"}],"predecessor-version":[{"id":767,"href":"https:\/\/faai.ath.edu.pl\/index.php?rest_route=\/wp\/v2\/pages\/738\/revisions\/767"}],"wp:attachment":[{"href":"https:\/\/faai.ath.edu.pl\/index.php?rest_route=%2Fwp%2Fv2%2Fmedia&parent=738"}],"curies":[{"name":"wp","href":"https:\/\/api.w.org\/{rel}","templated":true}]}}