{"id":752,"date":"2024-10-24T21:29:20","date_gmt":"2024-10-24T21:29:20","guid":{"rendered":"https:\/\/faai.ath.edu.pl\/?page_id=752"},"modified":"2024-10-24T21:29:55","modified_gmt":"2024-10-24T21:29:55","slug":"752-2","status":"publish","type":"page","link":"https:\/\/faai.ath.edu.pl\/?page_id=752&lang=sk","title":{"rendered":"Vzdel\u00e1vacie materi\u00e1ly"},"content":{"rendered":"<p style=\"text-align: center;\">\u00a0<strong> The Future is in A<\/strong><strong>pplied Artificial Intelligence<\/strong><\/p>\r\n<!-- \/wp:post-content -->\r\n\r\n<!-- wp:paragraph \/-->\r\n\r\n<!-- wp:paragraph -->\r\n<p style=\"text-align: center;\"><strong>\u010c\u00edslo projektu: 2022-1-PL01-KA220-HED-000088359<\/strong><\/p>\r\n<p style=\"text-align: center;\">V\u010faka spolupr\u00e1ci piatich univerz\u00edt a podpore podnikania predstavujeme dvan\u00e1s\u0165jednotkov\u00fd kurz o aplikovanej umelej inteligencii.<\/p>\r\n<p><img loading=\"lazy\" decoding=\"async\" class=\"wp-image-736 aligncenter\" src=\"https:\/\/faai.ath.edu.pl\/wp-content\/uploads\/2024\/10\/pictxx-1.jpg\" alt=\"\" width=\"266\" height=\"231\" srcset=\"https:\/\/faai.ath.edu.pl\/wp-content\/uploads\/2024\/10\/pictxx-1.jpg 510w, https:\/\/faai.ath.edu.pl\/wp-content\/uploads\/2024\/10\/pictxx-1-300x261.jpg 300w, https:\/\/faai.ath.edu.pl\/wp-content\/uploads\/2024\/10\/pictxx-1-311x270.jpg 311w\" sizes=\"auto, (max-width: 266px) 100vw, 266px\" \/><\/p>\r\n<p style=\"text-align: center;\">Kurz je dostupn\u00fd v:<\/p>\r\n<p style=\"text-align: center;\"><strong>Hlavn\u00fd kurz (v angli\u010dtine)<\/strong>: <a class=\"ac-anchor\" href=\"https:\/\/projects.unibit.bg\/course\/view.php?id=63\" target=\"_blank\" rel=\"noopener\">link na kurz<\/a><\/p>\r\n<p style=\"text-align: center;\">Preklady:<\/p>\r\n<p style=\"text-align: center;\">Po\u013esk\u00e1 verzia: <a class=\"ac-anchor\" href=\"https:\/\/projects.unibit.bg\/course\/view.php?id=78\" target=\"_blank\" rel=\"noopener\">link na kurz<\/a><\/p>\r\n<p style=\"text-align: center;\">Bulharsk\u00e1 verzia: <a class=\"ac-anchor\" href=\"https:\/\/projects.unibit.bg\/course\/view.php?id=77\" target=\"_blank\" rel=\"noopener\">link na kurz<\/a><\/p>\r\n<p style=\"text-align: center;\"><strong>Slovensk\u00e1 verzia<\/strong>: <a class=\"ac-anchor\" href=\"https:\/\/projects.unibit.bg\/course\/view.php?id=79\" target=\"_blank\" rel=\"noopener\">link na kurz<\/a><\/p>\r\n<p style=\"text-align: center;\">Srbsk\u00e1 verzia: <a class=\"ac-anchor\" href=\"https:\/\/projects.unibit.bg\/course\/view.php?id=80\" target=\"_blank\" rel=\"noopener\">link na kurz<\/a><\/p>\r\n<p style=\"text-align: center;\">\u010ciernohorsk\u00e1 verzia: <a class=\"ac-anchor\" href=\"https:\/\/projects.unibit.bg\/course\/view.php?id=81\" target=\"_blank\" rel=\"noopener\">link na kurz<\/a><\/p>\r\n<p><img loading=\"lazy\" decoding=\"async\" class=\"size-full wp-image-712 aligncenter\" src=\"https:\/\/faai.ath.edu.pl\/wp-content\/uploads\/2024\/10\/loga.png\" alt=\"\" width=\"826\" height=\"175\" srcset=\"https:\/\/faai.ath.edu.pl\/wp-content\/uploads\/2024\/10\/loga.png 826w, https:\/\/faai.ath.edu.pl\/wp-content\/uploads\/2024\/10\/loga-300x64.png 300w, https:\/\/faai.ath.edu.pl\/wp-content\/uploads\/2024\/10\/loga-768x163.png 768w, https:\/\/faai.ath.edu.pl\/wp-content\/uploads\/2024\/10\/loga-604x128.png 604w\" sizes=\"auto, (max-width: 826px) 100vw, 826px\" \/><\/p>","protected":false},"excerpt":{"rendered":"<p>\u00a0 The Future is in Applied Artificial Intelligence \u010c\u00edslo projektu: 2022-1-PL01-KA220-HED-000088359 V\u010faka spolupr\u00e1ci piatich univerz\u00edt a podpore podnikania predstavujeme dvan\u00e1s\u0165jednotkov\u00fd kurz o aplikovanej umelej inteligencii. Kurz je dostupn\u00fd v: Hlavn\u00fd kurz (v angli\u010dtine): link na kurz Preklady: Po\u013esk\u00e1 verzia: link na kurz Bulharsk\u00e1 verzia: link na kurz Slovensk\u00e1 verzia: link na kurz Srbsk\u00e1 verzia: link &hellip; <\/p>\n<p class=\"read-more\"><a class=\"btn btn-default\" href=\"https:\/\/faai.ath.edu.pl\/?page_id=752&#038;lang=sk\"> Read More<span class=\"screen-reader-text\">  Read More<\/span><\/a><\/p>\n","protected":false},"author":1,"featured_media":0,"parent":0,"menu_order":0,"comment_status":"closed","ping_status":"closed","template":"","meta":{"footnotes":""},"class_list":["post-752","page","type-page","status-publish","hentry"],"_links":{"self":[{"href":"https:\/\/faai.ath.edu.pl\/index.php?rest_route=\/wp\/v2\/pages\/752","targetHints":{"allow":["GET"]}}],"collection":[{"href":"https:\/\/faai.ath.edu.pl\/index.php?rest_route=\/wp\/v2\/pages"}],"about":[{"href":"https:\/\/faai.ath.edu.pl\/index.php?rest_route=\/wp\/v2\/types\/page"}],"author":[{"embeddable":true,"href":"https:\/\/faai.ath.edu.pl\/index.php?rest_route=\/wp\/v2\/users\/1"}],"replies":[{"embeddable":true,"href":"https:\/\/faai.ath.edu.pl\/index.php?rest_route=%2Fwp%2Fv2%2Fcomments&post=752"}],"version-history":[{"count":2,"href":"https:\/\/faai.ath.edu.pl\/index.php?rest_route=\/wp\/v2\/pages\/752\/revisions"}],"predecessor-version":[{"id":754,"href":"https:\/\/faai.ath.edu.pl\/index.php?rest_route=\/wp\/v2\/pages\/752\/revisions\/754"}],"wp:attachment":[{"href":"https:\/\/faai.ath.edu.pl\/index.php?rest_route=%2Fwp%2Fv2%2Fmedia&parent=752"}],"curies":[{"name":"wp","href":"https:\/\/api.w.org\/{rel}","templated":true}]}}